
{"id":3543,"date":"2022-12-14T20:20:43","date_gmt":"2022-12-14T19:20:43","guid":{"rendered":"https:\/\/kluppy.com\/contactanos\/"},"modified":"2022-12-20T12:43:34","modified_gmt":"2022-12-20T11:43:34","slug":"contactanos","status":"publish","type":"page","link":"https:\/\/kluppy.com\/eu\/contactanos\/","title":{"rendered":"Kontaktatu"},"content":{"rendered":"<div  class=\"fullwidth-section text-dark\" style=\"background:url(https:\/\/kluppy.com\/wp-content\/uploads\/2022\/12\/expert.png) center center;background-size:cover;\"><div class=\"fullwidth-content\" style=\"padding-top:200px;padding-bottom:100px;\"><div class=\"wrapper\"><div id=\"\" class=\"column-section clearfix spaced-normal  no-anim\"><div  class=\"column one-full last-col  no-anim\" >\n<h2 class=\"text-gray-dark text-h4 md:text-5xl font-extrabold tracking-tight\"><strong><span style=\"color: #000000;\">Zertan lagundu zaitzakegu?<\/span><\/strong><\/h2>\n<p class=\"text-gray mt-6 max-w-3xl text-b1 leading-7\"><span style=\"color: #000000;\">Gure adutuetako batekin hitz egin dezakezu.<\/span><\/p>\n<div class=\"spacer spacer-big \"><\/div><\/div><\/div><\/div><\/div><\/div><div  class=\"fullwidth-section text-light\" style=\"background-color:#ffffff\"><div class=\"fullwidth-content\" style=\"padding-top:100px;padding-bottom:100px;\"><div class=\"wrapper-small\"><div id=\"\" class=\"column-section clearfix spaced-normal  no-anim\"><div  class=\"column one-half   no-anim\" >\n<h5><i class=\"ion ion-android-call ion-5x\" style=\"color:#1e73be;\"><\/i><\/h5>\n<div class=\"spacer spacer-mini \"><\/div>\n<h5 class=\"text-gray-dark text-xl font-medium\"><span style=\"color: #000000;\">Aditu batekin ikasi<\/span><\/h5>\n<p class=\"mt-4 text-base text-gray\"><span style=\"color: #808080;\">Gure adituetako batek pausuz pausu azalduko dizu KLUPPY nola erabili.<\/span><\/p>\n<div class=\"spacer spacer-mini \"><\/div>\n<a href=\"https:\/\/kluppy.typeform.com\/to\/QcEFrl2T\" class=\"sr-button custom-1 button-big\" target=\"_self\">Demo bat agendatu \u00a0<i class=\"ion ion-ios-arrow-thin-right ion-normal\" style=\"color:white;\"><\/i><\/a>\n<p>&nbsp;<\/p>\n<\/div><div  class=\"column one-half last-col  no-anim\" >\n<h5><i class=\"ion ion-help-buoy ion-5x\" style=\"color:#1e73be;\"><\/i><\/h5>\n<div class=\"spacer spacer-mini \"><\/div>\n<h5 class=\"text-gray-dark text-xl font-medium\"><span style=\"color: #000000;\">Gure adituekin hitz egin<\/span><\/h5>\n<p class=\"mt-4 text-base text-gray\"><span style=\"color: #808080;\">Txat-aren bitartez galdera bat egin. Azkarra eta erraza da.<\/span><\/p>\n<div class=\"spacer spacer-mini \"><\/div>\n\n<\/div><\/div><\/div><\/div><\/div>\n","protected":false},"excerpt":{"rendered":"","protected":false},"author":1,"featured_media":0,"parent":0,"menu_order":0,"comment_status":"closed","ping_status":"closed","template":"","meta":{"footnotes":""},"class_list":["post-3543","page","type-page","status-publish","hentry","isotope-item"],"yoast_head":"<!-- This site is optimized with the Yoast SEO plugin v27.3 - https:\/\/yoast.com\/product\/yoast-seo-wordpress\/ -->\n<title>Kontaktatu - KLUPPY<\/title>\n<meta name=\"robots\" content=\"index, nofollow, max-snippet:-1, max-image-preview:large, max-video-preview:-1\" \/>\n<link rel=\"canonical\" href=\"https:\/\/kluppy.com\/eu\/contactanos\/\" \/>\n<meta property=\"og:locale\" content=\"eu_ES\" \/>\n<meta property=\"og:type\" content=\"article\" \/>\n<meta property=\"og:title\" content=\"Kontaktatu - KLUPPY\" \/>\n<meta property=\"og:url\" content=\"https:\/\/kluppy.com\/eu\/contactanos\/\" \/>\n<meta property=\"og:site_name\" content=\"KLUPPY\" \/>\n<meta property=\"article:publisher\" content=\"https:\/\/es-es.facebook.com\/KluppyOficial\/\" \/>\n<meta property=\"article:modified_time\" content=\"2022-12-20T11:43:34+00:00\" \/>\n<meta property=\"og:image\" content=\"https:\/\/kluppy.com\/wp-content\/uploads\/2021\/03\/favicon_11_2019.png\" \/>\n\t<meta property=\"og:image:width\" content=\"96\" \/>\n\t<meta property=\"og:image:height\" content=\"96\" \/>\n\t<meta property=\"og:image:type\" content=\"image\/png\" \/>\n<meta name=\"twitter:card\" content=\"summary_large_image\" \/>\n<meta name=\"twitter:site\" content=\"@kluppyOficial\" \/>\n<meta name=\"twitter:label1\" content=\"Est. reading time\" \/>\n\t<meta name=\"twitter:data1\" content=\"1 minute\" \/>\n<script type=\"application\/ld+json\" class=\"yoast-schema-graph\">{\"@context\":\"https:\\\/\\\/schema.org\",\"@graph\":[{\"@type\":\"WebPage\",\"@id\":\"https:\\\/\\\/kluppy.com\\\/eu\\\/contactanos\\\/\",\"url\":\"https:\\\/\\\/kluppy.com\\\/eu\\\/contactanos\\\/\",\"name\":\"Kontaktatu - KLUPPY\",\"isPartOf\":{\"@id\":\"https:\\\/\\\/kluppy.com\\\/eu\\\/#website\"},\"datePublished\":\"2022-12-14T19:20:43+00:00\",\"dateModified\":\"2022-12-20T11:43:34+00:00\",\"breadcrumb\":{\"@id\":\"https:\\\/\\\/kluppy.com\\\/eu\\\/contactanos\\\/#breadcrumb\"},\"inLanguage\":\"eu-ES\",\"potentialAction\":[{\"@type\":\"ReadAction\",\"target\":[\"https:\\\/\\\/kluppy.com\\\/eu\\\/contactanos\\\/\"]}]},{\"@type\":\"BreadcrumbList\",\"@id\":\"https:\\\/\\\/kluppy.com\\\/eu\\\/contactanos\\\/#breadcrumb\",\"itemListElement\":[{\"@type\":\"ListItem\",\"position\":1,\"name\":\"Portada\",\"item\":\"https:\\\/\\\/kluppy.com\\\/eu\\\/\"},{\"@type\":\"ListItem\",\"position\":2,\"name\":\"Kontaktatu\"}]},{\"@type\":\"WebSite\",\"@id\":\"https:\\\/\\\/kluppy.com\\\/eu\\\/#website\",\"url\":\"https:\\\/\\\/kluppy.com\\\/eu\\\/\",\"name\":\"KLUPPY\",\"description\":\"Mecanograf\u00eda online | Curso de mecanograf\u00eda para ni\u00f1os\",\"publisher\":{\"@id\":\"https:\\\/\\\/kluppy.com\\\/eu\\\/#organization\"},\"potentialAction\":[{\"@type\":\"SearchAction\",\"target\":{\"@type\":\"EntryPoint\",\"urlTemplate\":\"https:\\\/\\\/kluppy.com\\\/eu\\\/?s={search_term_string}\"},\"query-input\":{\"@type\":\"PropertyValueSpecification\",\"valueRequired\":true,\"valueName\":\"search_term_string\"}}],\"inLanguage\":\"eu-ES\"},{\"@type\":\"Organization\",\"@id\":\"https:\\\/\\\/kluppy.com\\\/eu\\\/#organization\",\"name\":\"KLUPPY\",\"url\":\"https:\\\/\\\/kluppy.com\\\/eu\\\/\",\"logo\":{\"@type\":\"ImageObject\",\"inLanguage\":\"eu-ES\",\"@id\":\"https:\\\/\\\/kluppy.com\\\/eu\\\/#\\\/schema\\\/logo\\\/image\\\/\",\"url\":\"https:\\\/\\\/i0.wp.com\\\/kluppy.com\\\/wp-content\\\/uploads\\\/2021\\\/03\\\/logo_trans.png?fit=320%2C132&ssl=1\",\"contentUrl\":\"https:\\\/\\\/i0.wp.com\\\/kluppy.com\\\/wp-content\\\/uploads\\\/2021\\\/03\\\/logo_trans.png?fit=320%2C132&ssl=1\",\"width\":320,\"height\":132,\"caption\":\"KLUPPY\"},\"image\":{\"@id\":\"https:\\\/\\\/kluppy.com\\\/eu\\\/#\\\/schema\\\/logo\\\/image\\\/\"},\"sameAs\":[\"https:\\\/\\\/es-es.facebook.com\\\/KluppyOficial\\\/\",\"https:\\\/\\\/x.com\\\/kluppyOficial\",\"https:\\\/\\\/www.instagram.com\\\/kluppylearn\\\/\",\"https:\\\/\\\/es.linkedin.com\\\/company\\\/kluppy\",\"https:\\\/\\\/www.youtube.com\\\/channel\\\/UCevCI94S-TIQcdD9vrHwFoQ\"]}]}<\/script>\n<!-- \/ Yoast SEO plugin. -->","yoast_head_json":{"title":"Kontaktatu - KLUPPY","robots":{"index":"index","follow":"nofollow","max-snippet":"max-snippet:-1","max-image-preview":"max-image-preview:large","max-video-preview":"max-video-preview:-1"},"canonical":"https:\/\/kluppy.com\/eu\/contactanos\/","og_locale":"eu_ES","og_type":"article","og_title":"Kontaktatu - KLUPPY","og_url":"https:\/\/kluppy.com\/eu\/contactanos\/","og_site_name":"KLUPPY","article_publisher":"https:\/\/es-es.facebook.com\/KluppyOficial\/","article_modified_time":"2022-12-20T11:43:34+00:00","og_image":[{"width":96,"height":96,"url":"https:\/\/kluppy.com\/wp-content\/uploads\/2021\/03\/favicon_11_2019.png","type":"image\/png"}],"twitter_card":"summary_large_image","twitter_site":"@kluppyOficial","twitter_misc":{"Est. reading time":"1 minute"},"schema":{"@context":"https:\/\/schema.org","@graph":[{"@type":"WebPage","@id":"https:\/\/kluppy.com\/eu\/contactanos\/","url":"https:\/\/kluppy.com\/eu\/contactanos\/","name":"Kontaktatu - KLUPPY","isPartOf":{"@id":"https:\/\/kluppy.com\/eu\/#website"},"datePublished":"2022-12-14T19:20:43+00:00","dateModified":"2022-12-20T11:43:34+00:00","breadcrumb":{"@id":"https:\/\/kluppy.com\/eu\/contactanos\/#breadcrumb"},"inLanguage":"eu-ES","potentialAction":[{"@type":"ReadAction","target":["https:\/\/kluppy.com\/eu\/contactanos\/"]}]},{"@type":"BreadcrumbList","@id":"https:\/\/kluppy.com\/eu\/contactanos\/#breadcrumb","itemListElement":[{"@type":"ListItem","position":1,"name":"Portada","item":"https:\/\/kluppy.com\/eu\/"},{"@type":"ListItem","position":2,"name":"Kontaktatu"}]},{"@type":"WebSite","@id":"https:\/\/kluppy.com\/eu\/#website","url":"https:\/\/kluppy.com\/eu\/","name":"KLUPPY","description":"Mecanograf\u00eda online | Curso de mecanograf\u00eda para ni\u00f1os","publisher":{"@id":"https:\/\/kluppy.com\/eu\/#organization"},"potentialAction":[{"@type":"SearchAction","target":{"@type":"EntryPoint","urlTemplate":"https:\/\/kluppy.com\/eu\/?s={search_term_string}"},"query-input":{"@type":"PropertyValueSpecification","valueRequired":true,"valueName":"search_term_string"}}],"inLanguage":"eu-ES"},{"@type":"Organization","@id":"https:\/\/kluppy.com\/eu\/#organization","name":"KLUPPY","url":"https:\/\/kluppy.com\/eu\/","logo":{"@type":"ImageObject","inLanguage":"eu-ES","@id":"https:\/\/kluppy.com\/eu\/#\/schema\/logo\/image\/","url":"https:\/\/i0.wp.com\/kluppy.com\/wp-content\/uploads\/2021\/03\/logo_trans.png?fit=320%2C132&ssl=1","contentUrl":"https:\/\/i0.wp.com\/kluppy.com\/wp-content\/uploads\/2021\/03\/logo_trans.png?fit=320%2C132&ssl=1","width":320,"height":132,"caption":"KLUPPY"},"image":{"@id":"https:\/\/kluppy.com\/eu\/#\/schema\/logo\/image\/"},"sameAs":["https:\/\/es-es.facebook.com\/KluppyOficial\/","https:\/\/x.com\/kluppyOficial","https:\/\/www.instagram.com\/kluppylearn\/","https:\/\/es.linkedin.com\/company\/kluppy","https:\/\/www.youtube.com\/channel\/UCevCI94S-TIQcdD9vrHwFoQ"]}]}},"jetpack_sharing_enabled":true,"_links":{"self":[{"href":"https:\/\/kluppy.com\/eu\/wp-json\/wp\/v2\/pages\/3543","targetHints":{"allow":["GET"]}}],"collection":[{"href":"https:\/\/kluppy.com\/eu\/wp-json\/wp\/v2\/pages"}],"about":[{"href":"https:\/\/kluppy.com\/eu\/wp-json\/wp\/v2\/types\/page"}],"author":[{"embeddable":true,"href":"https:\/\/kluppy.com\/eu\/wp-json\/wp\/v2\/users\/1"}],"replies":[{"embeddable":true,"href":"https:\/\/kluppy.com\/eu\/wp-json\/wp\/v2\/comments?post=3543"}],"version-history":[{"count":3,"href":"https:\/\/kluppy.com\/eu\/wp-json\/wp\/v2\/pages\/3543\/revisions"}],"predecessor-version":[{"id":3547,"href":"https:\/\/kluppy.com\/eu\/wp-json\/wp\/v2\/pages\/3543\/revisions\/3547"}],"wp:attachment":[{"href":"https:\/\/kluppy.com\/eu\/wp-json\/wp\/v2\/media?parent=3543"}],"curies":[{"name":"wp","href":"https:\/\/api.w.org\/{rel}","templated":true}]}}