
{"id":1015,"date":"2021-04-30T10:51:42","date_gmt":"2021-04-30T09:51:42","guid":{"rendered":"https:\/\/kluppy.com\/antoniano-info\/"},"modified":"2021-04-30T11:41:01","modified_gmt":"2021-04-30T10:41:01","slug":"antoniano-info","status":"publish","type":"page","link":"https:\/\/kluppy.com\/eu\/antoniano-info\/","title":{"rendered":"Antoniano"},"content":{"rendered":"<h4>Zer egingo dugu?<\/h4>\n<p>10 eguneko mekanografia intentsiboko ikastaroa egingo dugu. Mekanografia egunean bi orduz landuko dugu. Goizeko gainerako bi orduetan, mekanografiaren munduarekin lotura duten jolasak, jarduerak, etab. egingo ditugu, teklak, mugimenduak, kontzeptuak barneratzen eta ikasitakoa indartzen laguntzeko.<\/p>\n<h4>Nola egingo dugu?<\/h4>\n<p>Jarduera guztia joko bat balitz bezala hartuko dugu. ikaskuntzan aurrera egitea, minijokoak irabaztea, jarduerak amaitzea, etxean lan egitea eta abar, sarituko ditugu bideojoko baten moduko puntuazioekin. Ikasleek puntuak batuko dituzte, egiten ditugun jolasetan sariak edo abantailak lortzeko. Hau guztia praktika sustatzeko.<\/p>\n<h4>Norentzat da?<\/h4>\n<p>LHko 4., 5. eta 6. mailetako ikasleentzat.<\/p>\n<h4>Eta 10 egunen ondoren?<\/h4>\n<p>Ikasleek uda osoan zehar gure plataformarekin praktikatzen jarraitu ahal izango dute irailera arte, kostu gehigarririk gabe.<\/p>\n<h4>10 egunetan ikasiko dute mekanografia?<\/h4>\n<p>Ezin dugu ziurtatu, baina hala izan dadin ahaleginduko gara.<\/p>\n<h4>Materiala prezioan sartuta al dago?<\/h4>\n<p>Bai, ez dute ezer erosi behar. Ikasle bakoitzari teklatu bana emango diogu lehenengo egunean, eta haientzat izango da. Teklatu hau estali egingo dugu, letrak begiratu ez ditzaten. Teklatua etxera eraman eta eskolara ekarri beharko dute berarekin praktikatu ahal izateko.<\/p>\n<p>&nbsp;<\/p>\n","protected":false},"excerpt":{"rendered":"<p>Zer egingo dugu? 10 eguneko mekanografia intentsiboko ikastaroa egingo dugu. Mekanografia egunean bi orduz landuko dugu. Goizeko gainerako bi orduetan, mekanografiaren munduarekin lotura duten jolasak, jarduerak, etab. egingo ditugu, teklak, mugimenduak, kontzeptuak barneratzen eta ikasitakoa indartzen laguntzeko. Nola egingo dugu? Jarduera guztia joko bat balitz bezala hartuko dugu. ikaskuntzan aurrera egitea, minijokoak irabaztea, jarduerak amaitzea, [&hellip;]<\/p>\n","protected":false},"author":1,"featured_media":0,"parent":0,"menu_order":0,"comment_status":"closed","ping_status":"closed","template":"","meta":{"footnotes":""},"class_list":["post-1015","page","type-page","status-publish","hentry","isotope-item"],"yoast_head":"<!-- This site is optimized with the Yoast SEO plugin v27.5 - https:\/\/yoast.com\/product\/yoast-seo-wordpress\/ -->\n<title>Antoniano - KLUPPY<\/title>\n<meta name=\"robots\" content=\"index, follow, max-snippet:-1, max-image-preview:large, max-video-preview:-1\" \/>\n<link rel=\"canonical\" href=\"https:\/\/kluppy.com\/eu\/antoniano-info\/\" \/>\n<meta property=\"og:locale\" content=\"eu_ES\" \/>\n<meta property=\"og:type\" content=\"article\" \/>\n<meta property=\"og:title\" content=\"Antoniano - KLUPPY\" \/>\n<meta property=\"og:description\" content=\"Zer egingo dugu? 10 eguneko mekanografia intentsiboko ikastaroa egingo dugu. Mekanografia egunean bi orduz landuko dugu. Goizeko gainerako bi orduetan, mekanografiaren munduarekin lotura duten jolasak, jarduerak, etab. egingo ditugu, teklak, mugimenduak, kontzeptuak barneratzen eta ikasitakoa indartzen laguntzeko. Nola egingo dugu? Jarduera guztia joko bat balitz bezala hartuko dugu. ikaskuntzan aurrera egitea, minijokoak irabaztea, jarduerak amaitzea, [&hellip;]\" \/>\n<meta property=\"og:url\" content=\"https:\/\/kluppy.com\/eu\/antoniano-info\/\" \/>\n<meta property=\"og:site_name\" content=\"KLUPPY\" \/>\n<meta property=\"article:publisher\" content=\"https:\/\/es-es.facebook.com\/KluppyOficial\/\" \/>\n<meta property=\"article:modified_time\" content=\"2021-04-30T10:41:01+00:00\" \/>\n<meta property=\"og:image\" content=\"https:\/\/kluppy.com\/wp-content\/uploads\/2021\/03\/favicon_11_2019.png\" \/>\n\t<meta property=\"og:image:width\" content=\"96\" \/>\n\t<meta property=\"og:image:height\" content=\"96\" \/>\n\t<meta property=\"og:image:type\" content=\"image\/png\" \/>\n<meta name=\"twitter:card\" content=\"summary_large_image\" \/>\n<meta name=\"twitter:site\" content=\"@kluppyOficial\" \/>\n<meta name=\"twitter:label1\" content=\"Est. reading time\" \/>\n\t<meta name=\"twitter:data1\" content=\"1 minute\" \/>\n<script type=\"application\/ld+json\" class=\"yoast-schema-graph\">{\"@context\":\"https:\\\/\\\/schema.org\",\"@graph\":[{\"@type\":\"WebPage\",\"@id\":\"https:\\\/\\\/kluppy.com\\\/eu\\\/antoniano-info\\\/\",\"url\":\"https:\\\/\\\/kluppy.com\\\/eu\\\/antoniano-info\\\/\",\"name\":\"Antoniano - KLUPPY\",\"isPartOf\":{\"@id\":\"https:\\\/\\\/kluppy.com\\\/eu\\\/#website\"},\"datePublished\":\"2021-04-30T09:51:42+00:00\",\"dateModified\":\"2021-04-30T10:41:01+00:00\",\"breadcrumb\":{\"@id\":\"https:\\\/\\\/kluppy.com\\\/eu\\\/antoniano-info\\\/#breadcrumb\"},\"inLanguage\":\"eu-ES\",\"potentialAction\":[{\"@type\":\"ReadAction\",\"target\":[\"https:\\\/\\\/kluppy.com\\\/eu\\\/antoniano-info\\\/\"]}]},{\"@type\":\"BreadcrumbList\",\"@id\":\"https:\\\/\\\/kluppy.com\\\/eu\\\/antoniano-info\\\/#breadcrumb\",\"itemListElement\":[{\"@type\":\"ListItem\",\"position\":1,\"name\":\"Portada\",\"item\":\"https:\\\/\\\/kluppy.com\\\/eu\\\/\"},{\"@type\":\"ListItem\",\"position\":2,\"name\":\"Antoniano\"}]},{\"@type\":\"WebSite\",\"@id\":\"https:\\\/\\\/kluppy.com\\\/eu\\\/#website\",\"url\":\"https:\\\/\\\/kluppy.com\\\/eu\\\/\",\"name\":\"KLUPPY\",\"description\":\"Mecanograf\u00eda online | Curso de mecanograf\u00eda para ni\u00f1os\",\"publisher\":{\"@id\":\"https:\\\/\\\/kluppy.com\\\/eu\\\/#organization\"},\"potentialAction\":[{\"@type\":\"SearchAction\",\"target\":{\"@type\":\"EntryPoint\",\"urlTemplate\":\"https:\\\/\\\/kluppy.com\\\/eu\\\/?s={search_term_string}\"},\"query-input\":{\"@type\":\"PropertyValueSpecification\",\"valueRequired\":true,\"valueName\":\"search_term_string\"}}],\"inLanguage\":\"eu-ES\"},{\"@type\":\"Organization\",\"@id\":\"https:\\\/\\\/kluppy.com\\\/eu\\\/#organization\",\"name\":\"KLUPPY\",\"url\":\"https:\\\/\\\/kluppy.com\\\/eu\\\/\",\"logo\":{\"@type\":\"ImageObject\",\"inLanguage\":\"eu-ES\",\"@id\":\"https:\\\/\\\/kluppy.com\\\/eu\\\/#\\\/schema\\\/logo\\\/image\\\/\",\"url\":\"https:\\\/\\\/i0.wp.com\\\/kluppy.com\\\/wp-content\\\/uploads\\\/2021\\\/03\\\/logo_trans.png?fit=320%2C132&ssl=1\",\"contentUrl\":\"https:\\\/\\\/i0.wp.com\\\/kluppy.com\\\/wp-content\\\/uploads\\\/2021\\\/03\\\/logo_trans.png?fit=320%2C132&ssl=1\",\"width\":320,\"height\":132,\"caption\":\"KLUPPY\"},\"image\":{\"@id\":\"https:\\\/\\\/kluppy.com\\\/eu\\\/#\\\/schema\\\/logo\\\/image\\\/\"},\"sameAs\":[\"https:\\\/\\\/es-es.facebook.com\\\/KluppyOficial\\\/\",\"https:\\\/\\\/x.com\\\/kluppyOficial\",\"https:\\\/\\\/www.instagram.com\\\/kluppylearn\\\/\",\"https:\\\/\\\/es.linkedin.com\\\/company\\\/kluppy\",\"https:\\\/\\\/www.youtube.com\\\/channel\\\/UCevCI94S-TIQcdD9vrHwFoQ\"]}]}<\/script>\n<!-- \/ Yoast SEO plugin. -->","yoast_head_json":{"title":"Antoniano - KLUPPY","robots":{"index":"index","follow":"follow","max-snippet":"max-snippet:-1","max-image-preview":"max-image-preview:large","max-video-preview":"max-video-preview:-1"},"canonical":"https:\/\/kluppy.com\/eu\/antoniano-info\/","og_locale":"eu_ES","og_type":"article","og_title":"Antoniano - KLUPPY","og_description":"Zer egingo dugu? 10 eguneko mekanografia intentsiboko ikastaroa egingo dugu. Mekanografia egunean bi orduz landuko dugu. Goizeko gainerako bi orduetan, mekanografiaren munduarekin lotura duten jolasak, jarduerak, etab. egingo ditugu, teklak, mugimenduak, kontzeptuak barneratzen eta ikasitakoa indartzen laguntzeko. Nola egingo dugu? Jarduera guztia joko bat balitz bezala hartuko dugu. ikaskuntzan aurrera egitea, minijokoak irabaztea, jarduerak amaitzea, [&hellip;]","og_url":"https:\/\/kluppy.com\/eu\/antoniano-info\/","og_site_name":"KLUPPY","article_publisher":"https:\/\/es-es.facebook.com\/KluppyOficial\/","article_modified_time":"2021-04-30T10:41:01+00:00","og_image":[{"width":96,"height":96,"url":"https:\/\/kluppy.com\/wp-content\/uploads\/2021\/03\/favicon_11_2019.png","type":"image\/png"}],"twitter_card":"summary_large_image","twitter_site":"@kluppyOficial","twitter_misc":{"Est. reading time":"1 minute"},"schema":{"@context":"https:\/\/schema.org","@graph":[{"@type":"WebPage","@id":"https:\/\/kluppy.com\/eu\/antoniano-info\/","url":"https:\/\/kluppy.com\/eu\/antoniano-info\/","name":"Antoniano - KLUPPY","isPartOf":{"@id":"https:\/\/kluppy.com\/eu\/#website"},"datePublished":"2021-04-30T09:51:42+00:00","dateModified":"2021-04-30T10:41:01+00:00","breadcrumb":{"@id":"https:\/\/kluppy.com\/eu\/antoniano-info\/#breadcrumb"},"inLanguage":"eu-ES","potentialAction":[{"@type":"ReadAction","target":["https:\/\/kluppy.com\/eu\/antoniano-info\/"]}]},{"@type":"BreadcrumbList","@id":"https:\/\/kluppy.com\/eu\/antoniano-info\/#breadcrumb","itemListElement":[{"@type":"ListItem","position":1,"name":"Portada","item":"https:\/\/kluppy.com\/eu\/"},{"@type":"ListItem","position":2,"name":"Antoniano"}]},{"@type":"WebSite","@id":"https:\/\/kluppy.com\/eu\/#website","url":"https:\/\/kluppy.com\/eu\/","name":"KLUPPY","description":"Mecanograf\u00eda online | Curso de mecanograf\u00eda para ni\u00f1os","publisher":{"@id":"https:\/\/kluppy.com\/eu\/#organization"},"potentialAction":[{"@type":"SearchAction","target":{"@type":"EntryPoint","urlTemplate":"https:\/\/kluppy.com\/eu\/?s={search_term_string}"},"query-input":{"@type":"PropertyValueSpecification","valueRequired":true,"valueName":"search_term_string"}}],"inLanguage":"eu-ES"},{"@type":"Organization","@id":"https:\/\/kluppy.com\/eu\/#organization","name":"KLUPPY","url":"https:\/\/kluppy.com\/eu\/","logo":{"@type":"ImageObject","inLanguage":"eu-ES","@id":"https:\/\/kluppy.com\/eu\/#\/schema\/logo\/image\/","url":"https:\/\/i0.wp.com\/kluppy.com\/wp-content\/uploads\/2021\/03\/logo_trans.png?fit=320%2C132&ssl=1","contentUrl":"https:\/\/i0.wp.com\/kluppy.com\/wp-content\/uploads\/2021\/03\/logo_trans.png?fit=320%2C132&ssl=1","width":320,"height":132,"caption":"KLUPPY"},"image":{"@id":"https:\/\/kluppy.com\/eu\/#\/schema\/logo\/image\/"},"sameAs":["https:\/\/es-es.facebook.com\/KluppyOficial\/","https:\/\/x.com\/kluppyOficial","https:\/\/www.instagram.com\/kluppylearn\/","https:\/\/es.linkedin.com\/company\/kluppy","https:\/\/www.youtube.com\/channel\/UCevCI94S-TIQcdD9vrHwFoQ"]}]}},"jetpack_sharing_enabled":true,"_links":{"self":[{"href":"https:\/\/kluppy.com\/eu\/wp-json\/wp\/v2\/pages\/1015","targetHints":{"allow":["GET"]}}],"collection":[{"href":"https:\/\/kluppy.com\/eu\/wp-json\/wp\/v2\/pages"}],"about":[{"href":"https:\/\/kluppy.com\/eu\/wp-json\/wp\/v2\/types\/page"}],"author":[{"embeddable":true,"href":"https:\/\/kluppy.com\/eu\/wp-json\/wp\/v2\/users\/1"}],"replies":[{"embeddable":true,"href":"https:\/\/kluppy.com\/eu\/wp-json\/wp\/v2\/comments?post=1015"}],"version-history":[{"count":2,"href":"https:\/\/kluppy.com\/eu\/wp-json\/wp\/v2\/pages\/1015\/revisions"}],"predecessor-version":[{"id":1017,"href":"https:\/\/kluppy.com\/eu\/wp-json\/wp\/v2\/pages\/1015\/revisions\/1017"}],"wp:attachment":[{"href":"https:\/\/kluppy.com\/eu\/wp-json\/wp\/v2\/media?parent=1015"}],"curies":[{"name":"wp","href":"https:\/\/api.w.org\/{rel}","templated":true}]}}